{"id":1743,"date":"2020-11-12T15:31:36","date_gmt":"2020-11-12T14:31:36","guid":{"rendered":"https:\/\/www.photoclubvelizy.fr\/pcvv\/?page_id=1743"},"modified":"2020-11-12T15:31:37","modified_gmt":"2020-11-12T14:31:37","slug":"presentation","status":"publish","type":"page","link":"https:\/\/www.photoclubvelizy.fr\/pcvv\/presentation\/","title":{"rendered":"Pr\u00e9sentation"},"content":{"rendered":"\n<p>Fond\u00e9 en 1971 par un groupe de jeunes passionn\u00e9s, le Club regroupe toujours des photographes d\u00e9butants ou confirm\u00e9s.<\/p>\n\n\n\n<p>La petite association du d\u00e9part a \u00e9volu\u00e9 au fil du temps pour se tourner vers tous types de photographes et s\u2019ouvrir aux activit\u00e9s de la Ville de V\u00e9lizy et son milieu associatif tr\u00e8s riche.<\/p>\n\n\n\n<p>En d\u00e9but d\u2019ann\u00e9e , des s\u00e9ances d\u2019initiation \u00e0 la photographie sont ouvertes aux d\u00e9butants le lundi soir une semaine sur 2 ( hors vacances scolaires) pendant que tous les membres du club \u00e9changent leurs connaissances au cours des r\u00e9unions p\u00e9riodiques du lundi .<\/p>\n\n\n\n<p>Des sorties de prise de vue sont organis\u00e9es sur diff\u00e9rents th\u00e8mes (initiation, animalier, macro, etc\u2026) selon la saison.<\/p>\n\n\n\n<p>Le labo argentique et le studio de prise de vue sont accessibles aux membres du club participant r\u00e9guli\u00e8rement \u00e0 nos activit\u00e9s.<\/p>\n\n\n\n<p>Diverses expositions au cours de la saison sont \u00e9galement organis\u00e9es sur la ville de V\u00e9lizy pour montrer le travail de chacun, d\u00e9butant ou confirm\u00e9.<\/p>\n","protected":false},"excerpt":{"rendered":"<p>Fond\u00e9 en 1971 par un groupe de jeunes passionn\u00e9s, le Club regroupe toujours des photographes d\u00e9butants ou confirm\u00e9s. La petite association du d\u00e9part a \u00e9volu\u00e9 au fil du temps pour [&hellip;]<\/p>\n","protected":false},"author":1,"featured_media":0,"parent":0,"menu_order":0,"comment_status":"closed","ping_status":"closed","template":"page-templates\/page_fullwidth.php","meta":{"footnotes":""},"class_list":["post-1743","page","type-page","status-publish","hentry"],"yoast_head":"<!-- This site is optimized with the Yoast SEO plugin v27.3 - https:\/\/yoast.com\/product\/yoast-seo-wordpress\/ -->\n<title>Pr\u00e9sentation - PHOTOCLUB DE VELIZY-VILLACOUBLAY<\/title>\n<meta name=\"robots\" content=\"index, follow, max-snippet:-1, max-image-preview:large, max-video-preview:-1\" \/>\n<link rel=\"canonical\" href=\"https:\/\/www.photoclubvelizy.fr\/pcvv\/presentation\/\" \/>\n<meta property=\"og:locale\" content=\"fr_FR\" \/>\n<meta property=\"og:type\" content=\"article\" \/>\n<meta property=\"og:title\" content=\"Pr\u00e9sentation - PHOTOCLUB DE VELIZY-VILLACOUBLAY\" \/>\n<meta property=\"og:description\" content=\"Fond\u00e9 en 1971 par un groupe de jeunes passionn\u00e9s, le Club regroupe toujours des photographes d\u00e9butants ou confirm\u00e9s. La petite association du d\u00e9part a \u00e9volu\u00e9 au fil du temps pour [&hellip;]\" \/>\n<meta property=\"og:url\" content=\"https:\/\/www.photoclubvelizy.fr\/pcvv\/presentation\/\" \/>\n<meta property=\"og:site_name\" content=\"PHOTOCLUB DE VELIZY-VILLACOUBLAY\" \/>\n<meta property=\"article:modified_time\" content=\"2020-11-12T14:31:37+00:00\" \/>\n<meta name=\"twitter:card\" content=\"summary_large_image\" \/>\n<meta name=\"twitter:label1\" content=\"Dur\u00e9e de lecture estim\u00e9e\" \/>\n\t<meta name=\"twitter:data1\" content=\"1 minute\" \/>\n<script type=\"application\/ld+json\" class=\"yoast-schema-graph\">{\"@context\":\"https:\\\/\\\/schema.org\",\"@graph\":[{\"@type\":\"WebPage\",\"@id\":\"https:\\\/\\\/www.photoclubvelizy.fr\\\/pcvv\\\/presentation\\\/\",\"url\":\"https:\\\/\\\/www.photoclubvelizy.fr\\\/pcvv\\\/presentation\\\/\",\"name\":\"Pr\u00e9sentation - PHOTOCLUB DE VELIZY-VILLACOUBLAY\",\"isPartOf\":{\"@id\":\"http:\\\/\\\/www.photoclubvelizy.fr\\\/pcvv\\\/#website\"},\"datePublished\":\"2020-11-12T14:31:36+00:00\",\"dateModified\":\"2020-11-12T14:31:37+00:00\",\"breadcrumb\":{\"@id\":\"https:\\\/\\\/www.photoclubvelizy.fr\\\/pcvv\\\/presentation\\\/#breadcrumb\"},\"inLanguage\":\"fr-FR\",\"potentialAction\":[{\"@type\":\"ReadAction\",\"target\":[\"https:\\\/\\\/www.photoclubvelizy.fr\\\/pcvv\\\/presentation\\\/\"]}]},{\"@type\":\"BreadcrumbList\",\"@id\":\"https:\\\/\\\/www.photoclubvelizy.fr\\\/pcvv\\\/presentation\\\/#breadcrumb\",\"itemListElement\":[{\"@type\":\"ListItem\",\"position\":1,\"name\":\"Accueil\",\"item\":\"http:\\\/\\\/www.photoclubvelizy.fr\\\/pcvv\\\/\"},{\"@type\":\"ListItem\",\"position\":2,\"name\":\"Pr\u00e9sentation\"}]},{\"@type\":\"WebSite\",\"@id\":\"http:\\\/\\\/www.photoclubvelizy.fr\\\/pcvv\\\/#website\",\"url\":\"http:\\\/\\\/www.photoclubvelizy.fr\\\/pcvv\\\/\",\"name\":\"PHOTOCLUB DE VELIZY-VILLACOUBLAY\",\"description\":\"Notre passion, l&#039;image !\",\"potentialAction\":[{\"@type\":\"SearchAction\",\"target\":{\"@type\":\"EntryPoint\",\"urlTemplate\":\"http:\\\/\\\/www.photoclubvelizy.fr\\\/pcvv\\\/?s={search_term_string}\"},\"query-input\":{\"@type\":\"PropertyValueSpecification\",\"valueRequired\":true,\"valueName\":\"search_term_string\"}}],\"inLanguage\":\"fr-FR\"}]}<\/script>\n<!-- \/ Yoast SEO plugin. -->","yoast_head_json":{"title":"Pr\u00e9sentation - PHOTOCLUB DE VELIZY-VILLACOUBLAY","robots":{"index":"index","follow":"follow","max-snippet":"max-snippet:-1","max-image-preview":"max-image-preview:large","max-video-preview":"max-video-preview:-1"},"canonical":"https:\/\/www.photoclubvelizy.fr\/pcvv\/presentation\/","og_locale":"fr_FR","og_type":"article","og_title":"Pr\u00e9sentation - PHOTOCLUB DE VELIZY-VILLACOUBLAY","og_description":"Fond\u00e9 en 1971 par un groupe de jeunes passionn\u00e9s, le Club regroupe toujours des photographes d\u00e9butants ou confirm\u00e9s. La petite association du d\u00e9part a \u00e9volu\u00e9 au fil du temps pour [&hellip;]","og_url":"https:\/\/www.photoclubvelizy.fr\/pcvv\/presentation\/","og_site_name":"PHOTOCLUB DE VELIZY-VILLACOUBLAY","article_modified_time":"2020-11-12T14:31:37+00:00","twitter_card":"summary_large_image","twitter_misc":{"Dur\u00e9e de lecture estim\u00e9e":"1 minute"},"schema":{"@context":"https:\/\/schema.org","@graph":[{"@type":"WebPage","@id":"https:\/\/www.photoclubvelizy.fr\/pcvv\/presentation\/","url":"https:\/\/www.photoclubvelizy.fr\/pcvv\/presentation\/","name":"Pr\u00e9sentation - PHOTOCLUB DE VELIZY-VILLACOUBLAY","isPartOf":{"@id":"http:\/\/www.photoclubvelizy.fr\/pcvv\/#website"},"datePublished":"2020-11-12T14:31:36+00:00","dateModified":"2020-11-12T14:31:37+00:00","breadcrumb":{"@id":"https:\/\/www.photoclubvelizy.fr\/pcvv\/presentation\/#breadcrumb"},"inLanguage":"fr-FR","potentialAction":[{"@type":"ReadAction","target":["https:\/\/www.photoclubvelizy.fr\/pcvv\/presentation\/"]}]},{"@type":"BreadcrumbList","@id":"https:\/\/www.photoclubvelizy.fr\/pcvv\/presentation\/#breadcrumb","itemListElement":[{"@type":"ListItem","position":1,"name":"Accueil","item":"http:\/\/www.photoclubvelizy.fr\/pcvv\/"},{"@type":"ListItem","position":2,"name":"Pr\u00e9sentation"}]},{"@type":"WebSite","@id":"http:\/\/www.photoclubvelizy.fr\/pcvv\/#website","url":"http:\/\/www.photoclubvelizy.fr\/pcvv\/","name":"PHOTOCLUB DE VELIZY-VILLACOUBLAY","description":"Notre passion, l&#039;image !","potentialAction":[{"@type":"SearchAction","target":{"@type":"EntryPoint","urlTemplate":"http:\/\/www.photoclubvelizy.fr\/pcvv\/?s={search_term_string}"},"query-input":{"@type":"PropertyValueSpecification","valueRequired":true,"valueName":"search_term_string"}}],"inLanguage":"fr-FR"}]}},"_links":{"self":[{"href":"https:\/\/www.photoclubvelizy.fr\/pcvv\/wp-json\/wp\/v2\/pages\/1743","targetHints":{"allow":["GET"]}}],"collection":[{"href":"https:\/\/www.photoclubvelizy.fr\/pcvv\/wp-json\/wp\/v2\/pages"}],"about":[{"href":"https:\/\/www.photoclubvelizy.fr\/pcvv\/wp-json\/wp\/v2\/types\/page"}],"author":[{"embeddable":true,"href":"https:\/\/www.photoclubvelizy.fr\/pcvv\/wp-json\/wp\/v2\/users\/1"}],"replies":[{"embeddable":true,"href":"https:\/\/www.photoclubvelizy.fr\/pcvv\/wp-json\/wp\/v2\/comments?post=1743"}],"version-history":[{"count":1,"href":"https:\/\/www.photoclubvelizy.fr\/pcvv\/wp-json\/wp\/v2\/pages\/1743\/revisions"}],"predecessor-version":[{"id":1744,"href":"https:\/\/www.photoclubvelizy.fr\/pcvv\/wp-json\/wp\/v2\/pages\/1743\/revisions\/1744"}],"wp:attachment":[{"href":"https:\/\/www.photoclubvelizy.fr\/pcvv\/wp-json\/wp\/v2\/media?parent=1743"}],"curies":[{"name":"wp","href":"https:\/\/api.w.org\/{rel}","templated":true}]}}