{"id":237,"date":"2019-11-19T16:01:28","date_gmt":"2019-11-19T15:01:28","guid":{"rendered":"http:\/\/http:\/\/www.photoclubvelizy.fr\/test\/?page_id=237"},"modified":"2023-03-12T17:37:38","modified_gmt":"2023-03-12T16:37:38","slug":"adhesion","status":"publish","type":"page","link":"https:\/\/www.photoclubvelizy.fr\/pcvv\/adhesion\/","title":{"rendered":"Adh\u00e9sion"},"content":{"rendered":"<p>\u00a0<\/p>\n<p>Bulletin d&#8217;adh\u00e9sion<a href=\"https:\/\/www.photoclubvelizy.fr\/pcvv\/wp-content\/uploads\/2019\/11\/inscription_photoclub-1.pdf\" download=\"\"> \u00a0 <span style=\"color: #ff0000;\">T\u00e9l\u00e9charger<\/span><\/a><\/p>\n\n\n<p><strong>Adh\u00e9sions Cotisations annuelles :<\/strong><\/p>\n\n\n\n<p>V\u00e9liziens 40 \u20ac<\/p>\n\n\n\n<p>Non V\u00e9liziens 50 \u20ac<\/p>\n\n\n\n<p>Etudiants et militaires 20 \u20ac<\/p>\n\n\n\n<p>Tarif \u00e9tudiant pour le deuxi\u00e8me inscrit d\u2019une m\u00eame famille et pour le personnel communal.<\/p>\n\n\n\n<p>Tarif v\u00e9lizien pour les personnes travaillant \u00e0 V\u00e9lizy.<\/p>\n\n\n\n<p>Validit\u00e9 de l\u2019inscription : de Septembre \u00e0 Fin juin L\u2019inscription donne acc\u00e8s \u00e0 toutes les activit\u00e9s du Club.<\/p>\n\n\n\n<p class=\"has-vivid-cyan-blue-color has-text-color\"><\/p>\n\n\n\n<p>Nouveaux adh\u00e9rents: 1 formulaire d\u2019inscription, 1 ch\u00e8que \u00e0 l\u2019ordre de \u201cV\u00e9lizy-Associations_multi\u201d<\/p>\n\n\n\n<p>Anciens adh\u00e9rents : 1 formulaire de r\u00e9-inscription, 1 ch\u00e8que \u00e0 l\u2019ordre de \u201cV\u00e9lizy-Associations_multi\u201d<\/p>\n\n\n\n<p>Les inscriptions se font lors des s\u00e9ances ou \u00e0 \u201cVELIZY-ASSOCIATIONS\u201d 1bis place de l\u2019Europe Immeuble Ariane 78140 V\u00e9lizy Tel 01 39 45 10 80<\/p>\n\n\n\n<p class=\"has-vivid-cyan-blue-color has-text-color\"><\/p>\n\n\n\n<p>Patrice Conti, Pr\u00e9sident 06 64 06 55 37<\/p>\n\n\n\n<p>\u201cVELIZY ASSOCIATIONS\u201d 01 39 45 10 80<\/p>\n","protected":false},"excerpt":{"rendered":"<p>\u00a0 Bulletin d&#8217;adh\u00e9sion \u00a0 T\u00e9l\u00e9charger Adh\u00e9sions Cotisations annuelles : V\u00e9liziens 40 \u20ac Non V\u00e9liziens 50 \u20ac Etudiants et militaires 20 \u20ac Tarif \u00e9tudiant pour le deuxi\u00e8me inscrit d\u2019une m\u00eame famille [&hellip;]<\/p>\n","protected":false},"author":1,"featured_media":0,"parent":0,"menu_order":0,"comment_status":"closed","ping_status":"closed","template":"page-templates\/page_fullwidth.php","meta":{"footnotes":""},"class_list":["post-237","page","type-page","status-publish","hentry"],"yoast_head":"<!-- This site is optimized with the Yoast SEO plugin v27.3 - https:\/\/yoast.com\/product\/yoast-seo-wordpress\/ -->\n<title>Adh\u00e9sion - PHOTOCLUB DE VELIZY-VILLACOUBLAY<\/title>\n<meta name=\"robots\" content=\"index, follow, max-snippet:-1, max-image-preview:large, max-video-preview:-1\" \/>\n<link rel=\"canonical\" href=\"https:\/\/www.photoclubvelizy.fr\/pcvv\/adhesion\/\" \/>\n<meta property=\"og:locale\" content=\"fr_FR\" \/>\n<meta property=\"og:type\" content=\"article\" \/>\n<meta property=\"og:title\" content=\"Adh\u00e9sion - PHOTOCLUB DE VELIZY-VILLACOUBLAY\" \/>\n<meta property=\"og:description\" content=\"\u00a0 Bulletin d&#8217;adh\u00e9sion \u00a0 T\u00e9l\u00e9charger Adh\u00e9sions Cotisations annuelles : V\u00e9liziens 40 \u20ac Non V\u00e9liziens 50 \u20ac Etudiants et militaires 20 \u20ac Tarif \u00e9tudiant pour le deuxi\u00e8me inscrit d\u2019une m\u00eame famille [&hellip;]\" \/>\n<meta property=\"og:url\" content=\"https:\/\/www.photoclubvelizy.fr\/pcvv\/adhesion\/\" \/>\n<meta property=\"og:site_name\" content=\"PHOTOCLUB DE VELIZY-VILLACOUBLAY\" \/>\n<meta property=\"article:modified_time\" content=\"2023-03-12T16:37:38+00:00\" \/>\n<meta name=\"twitter:card\" content=\"summary_large_image\" \/>\n<meta name=\"twitter:label1\" content=\"Dur\u00e9e de lecture estim\u00e9e\" \/>\n\t<meta name=\"twitter:data1\" content=\"1 minute\" \/>\n<script type=\"application\/ld+json\" class=\"yoast-schema-graph\">{\"@context\":\"https:\\\/\\\/schema.org\",\"@graph\":[{\"@type\":\"WebPage\",\"@id\":\"https:\\\/\\\/www.photoclubvelizy.fr\\\/pcvv\\\/adhesion\\\/\",\"url\":\"https:\\\/\\\/www.photoclubvelizy.fr\\\/pcvv\\\/adhesion\\\/\",\"name\":\"Adh\u00e9sion - PHOTOCLUB DE VELIZY-VILLACOUBLAY\",\"isPartOf\":{\"@id\":\"http:\\\/\\\/www.photoclubvelizy.fr\\\/pcvv\\\/#website\"},\"datePublished\":\"2019-11-19T15:01:28+00:00\",\"dateModified\":\"2023-03-12T16:37:38+00:00\",\"breadcrumb\":{\"@id\":\"https:\\\/\\\/www.photoclubvelizy.fr\\\/pcvv\\\/adhesion\\\/#breadcrumb\"},\"inLanguage\":\"fr-FR\",\"potentialAction\":[{\"@type\":\"ReadAction\",\"target\":[\"https:\\\/\\\/www.photoclubvelizy.fr\\\/pcvv\\\/adhesion\\\/\"]}]},{\"@type\":\"BreadcrumbList\",\"@id\":\"https:\\\/\\\/www.photoclubvelizy.fr\\\/pcvv\\\/adhesion\\\/#breadcrumb\",\"itemListElement\":[{\"@type\":\"ListItem\",\"position\":1,\"name\":\"Accueil\",\"item\":\"http:\\\/\\\/www.photoclubvelizy.fr\\\/pcvv\\\/\"},{\"@type\":\"ListItem\",\"position\":2,\"name\":\"Adh\u00e9sion\"}]},{\"@type\":\"WebSite\",\"@id\":\"http:\\\/\\\/www.photoclubvelizy.fr\\\/pcvv\\\/#website\",\"url\":\"http:\\\/\\\/www.photoclubvelizy.fr\\\/pcvv\\\/\",\"name\":\"PHOTOCLUB DE VELIZY-VILLACOUBLAY\",\"description\":\"Notre passion, l&#039;image !\",\"potentialAction\":[{\"@type\":\"SearchAction\",\"target\":{\"@type\":\"EntryPoint\",\"urlTemplate\":\"http:\\\/\\\/www.photoclubvelizy.fr\\\/pcvv\\\/?s={search_term_string}\"},\"query-input\":{\"@type\":\"PropertyValueSpecification\",\"valueRequired\":true,\"valueName\":\"search_term_string\"}}],\"inLanguage\":\"fr-FR\"}]}<\/script>\n<!-- \/ Yoast SEO plugin. -->","yoast_head_json":{"title":"Adh\u00e9sion - PHOTOCLUB DE VELIZY-VILLACOUBLAY","robots":{"index":"index","follow":"follow","max-snippet":"max-snippet:-1","max-image-preview":"max-image-preview:large","max-video-preview":"max-video-preview:-1"},"canonical":"https:\/\/www.photoclubvelizy.fr\/pcvv\/adhesion\/","og_locale":"fr_FR","og_type":"article","og_title":"Adh\u00e9sion - PHOTOCLUB DE VELIZY-VILLACOUBLAY","og_description":"\u00a0 Bulletin d&#8217;adh\u00e9sion \u00a0 T\u00e9l\u00e9charger Adh\u00e9sions Cotisations annuelles : V\u00e9liziens 40 \u20ac Non V\u00e9liziens 50 \u20ac Etudiants et militaires 20 \u20ac Tarif \u00e9tudiant pour le deuxi\u00e8me inscrit d\u2019une m\u00eame famille [&hellip;]","og_url":"https:\/\/www.photoclubvelizy.fr\/pcvv\/adhesion\/","og_site_name":"PHOTOCLUB DE VELIZY-VILLACOUBLAY","article_modified_time":"2023-03-12T16:37:38+00:00","twitter_card":"summary_large_image","twitter_misc":{"Dur\u00e9e de lecture estim\u00e9e":"1 minute"},"schema":{"@context":"https:\/\/schema.org","@graph":[{"@type":"WebPage","@id":"https:\/\/www.photoclubvelizy.fr\/pcvv\/adhesion\/","url":"https:\/\/www.photoclubvelizy.fr\/pcvv\/adhesion\/","name":"Adh\u00e9sion - PHOTOCLUB DE VELIZY-VILLACOUBLAY","isPartOf":{"@id":"http:\/\/www.photoclubvelizy.fr\/pcvv\/#website"},"datePublished":"2019-11-19T15:01:28+00:00","dateModified":"2023-03-12T16:37:38+00:00","breadcrumb":{"@id":"https:\/\/www.photoclubvelizy.fr\/pcvv\/adhesion\/#breadcrumb"},"inLanguage":"fr-FR","potentialAction":[{"@type":"ReadAction","target":["https:\/\/www.photoclubvelizy.fr\/pcvv\/adhesion\/"]}]},{"@type":"BreadcrumbList","@id":"https:\/\/www.photoclubvelizy.fr\/pcvv\/adhesion\/#breadcrumb","itemListElement":[{"@type":"ListItem","position":1,"name":"Accueil","item":"http:\/\/www.photoclubvelizy.fr\/pcvv\/"},{"@type":"ListItem","position":2,"name":"Adh\u00e9sion"}]},{"@type":"WebSite","@id":"http:\/\/www.photoclubvelizy.fr\/pcvv\/#website","url":"http:\/\/www.photoclubvelizy.fr\/pcvv\/","name":"PHOTOCLUB DE VELIZY-VILLACOUBLAY","description":"Notre passion, l&#039;image !","potentialAction":[{"@type":"SearchAction","target":{"@type":"EntryPoint","urlTemplate":"http:\/\/www.photoclubvelizy.fr\/pcvv\/?s={search_term_string}"},"query-input":{"@type":"PropertyValueSpecification","valueRequired":true,"valueName":"search_term_string"}}],"inLanguage":"fr-FR"}]}},"_links":{"self":[{"href":"https:\/\/www.photoclubvelizy.fr\/pcvv\/wp-json\/wp\/v2\/pages\/237","targetHints":{"allow":["GET"]}}],"collection":[{"href":"https:\/\/www.photoclubvelizy.fr\/pcvv\/wp-json\/wp\/v2\/pages"}],"about":[{"href":"https:\/\/www.photoclubvelizy.fr\/pcvv\/wp-json\/wp\/v2\/types\/page"}],"author":[{"embeddable":true,"href":"https:\/\/www.photoclubvelizy.fr\/pcvv\/wp-json\/wp\/v2\/users\/1"}],"replies":[{"embeddable":true,"href":"https:\/\/www.photoclubvelizy.fr\/pcvv\/wp-json\/wp\/v2\/comments?post=237"}],"version-history":[{"count":5,"href":"https:\/\/www.photoclubvelizy.fr\/pcvv\/wp-json\/wp\/v2\/pages\/237\/revisions"}],"predecessor-version":[{"id":6206,"href":"https:\/\/www.photoclubvelizy.fr\/pcvv\/wp-json\/wp\/v2\/pages\/237\/revisions\/6206"}],"wp:attachment":[{"href":"https:\/\/www.photoclubvelizy.fr\/pcvv\/wp-json\/wp\/v2\/media?parent=237"}],"curies":[{"name":"wp","href":"https:\/\/api.w.org\/{rel}","templated":true}]}}