{"id":243,"date":"2019-11-19T16:08:58","date_gmt":"2019-11-19T15:08:58","guid":{"rendered":"http:\/\/http:\/\/www.photoclubvelizy.fr\/test\/?page_id=243"},"modified":"2020-11-25T18:50:02","modified_gmt":"2020-11-25T17:50:02","slug":"nos-moyens","status":"publish","type":"page","link":"https:\/\/www.photoclubvelizy.fr\/pcvv\/nos-moyens\/","title":{"rendered":"Nos moyens"},"content":{"rendered":"\n<p class=\"has-vivid-cyan-blue-color has-text-color\" style=\"font-size:19px\"><strong> L\u2019acc\u00e8s au studio et au labo se font sur r\u00e9servation pr\u00e9alable (hors vacances scolaires et  jours f\u00e9ri\u00e9s, voir planning)<\/strong><\/p>\n\n\n\n<p class=\"has-vivid-cyan-blue-color has-text-color\"><strong>Mat\u00e9riel Labo:<\/strong> <\/p>\n\n\n\n<p>    1 Agrandisseur T\u00eate Couleur Philipps (24\u00d736)<\/p>\n\n\n\n<p>     1 Agrandisseur T\u00eate Couleur Om\u00e9ga (6\u00d76, 6\u00d79, 10\u00d715)<\/p>\n\n\n\n<p>     1 Agrandisseur Ahel 12 (NB)<\/p>\n\n\n\n<p>    1 s\u00e9cheuse Papier RC Largeur 1m  <\/p>\n\n\n\n<p>   1 S\u00e9cheuse Films Durst<\/p>\n\n\n\n<p> Les produits chimiques , papiers et pellicules sont \u00e0 la charge des adh\u00e9rents. <\/p>\n\n\n\n<p class=\"has-vivid-cyan-blue-color has-text-color\"><strong>Mat\u00e9riel Studio :<\/strong><\/p>\n\n\n\n<p>     1 Flash Multiblitz Variolite 1500Ws<\/p>\n\n\n\n<p>     2 Flash Multiblitz  1000Ws<\/p>\n\n\n\n<p>     3 Flash Multiblitz Variolite 1000 Ws<\/p>\n\n\n\n<p>     2 Flash Multiblitz Variolite x500 500 Ws <\/p>\n\n\n\n<p>   Boites a lumiere, spot fresnel, bol beaute, r\u00e9flecteurs, parapluies, filtres et fonds color\u00e9s. <\/p>\n\n\n\n<p>Machine \u00e0 fum\u00e9e<\/p>\n\n\n\n<p>    1 Flashm\u00e8tre\/Posem\u00e8tre Sekonic L308<\/p>\n\n\n\n<p class=\"has-vivid-cyan-blue-color has-text-color\"><strong>Mat\u00e9riel divers :<\/strong>  <\/p>\n\n\n\n<p>   1 Videoprojecteur Epson TW-5500 <\/p>\n\n\n\n<p><strong><em><span class=\"has-inline-color has-vivid-cyan-blue-color\">Les mat\u00e9riels suivants peuvent \u00eatre emprunt\u00e9s librement sur r\u00e9servation (mail \u00e0 Photoclub78140@gmail.com)<\/span> <\/em><\/strong><\/p>\n\n\n\n<p><\/p>\n\n\n\n<p>   1 sonde de calibration Datacolor Spyder 4 Elite  <\/p>\n\n\n\n<p>  1 projecteur diapo 6\u00d76 Rollei  <\/p>\n\n\n\n<p> 1 projecteur diapo Leica Pradovit 300 obj Colorplan 90\/2.8 <\/p>\n\n\n\n<p> 1 Scanner Films (24\u00d736) Nikon LS50<\/p>\n\n\n\n<p>1 tente de prise de vue petits objets<\/p>\n","protected":false},"excerpt":{"rendered":"<p>L\u2019acc\u00e8s au studio et au labo se font sur r\u00e9servation pr\u00e9alable (hors vacances scolaires et jours f\u00e9ri\u00e9s, voir planning) Mat\u00e9riel Labo: 1 Agrandisseur T\u00eate Couleur Philipps (24\u00d736) 1 Agrandisseur T\u00eate [&hellip;]<\/p>\n","protected":false},"author":1,"featured_media":0,"parent":0,"menu_order":0,"comment_status":"closed","ping_status":"closed","template":"page-templates\/page_fullwidth.php","meta":{"footnotes":""},"class_list":["post-243","page","type-page","status-publish","hentry"],"yoast_head":"<!-- This site is optimized with the Yoast SEO plugin v27.3 - https:\/\/yoast.com\/product\/yoast-seo-wordpress\/ -->\n<title>Nos moyens - PHOTOCLUB DE VELIZY-VILLACOUBLAY<\/title>\n<meta name=\"robots\" content=\"index, follow, max-snippet:-1, max-image-preview:large, max-video-preview:-1\" \/>\n<link rel=\"canonical\" href=\"https:\/\/www.photoclubvelizy.fr\/pcvv\/nos-moyens\/\" \/>\n<meta property=\"og:locale\" content=\"fr_FR\" \/>\n<meta property=\"og:type\" content=\"article\" \/>\n<meta property=\"og:title\" content=\"Nos moyens - PHOTOCLUB DE VELIZY-VILLACOUBLAY\" \/>\n<meta property=\"og:description\" content=\"L\u2019acc\u00e8s au studio et au labo se font sur r\u00e9servation pr\u00e9alable (hors vacances scolaires et jours f\u00e9ri\u00e9s, voir planning) Mat\u00e9riel Labo: 1 Agrandisseur T\u00eate Couleur Philipps (24\u00d736) 1 Agrandisseur T\u00eate [&hellip;]\" \/>\n<meta property=\"og:url\" content=\"https:\/\/www.photoclubvelizy.fr\/pcvv\/nos-moyens\/\" \/>\n<meta property=\"og:site_name\" content=\"PHOTOCLUB DE VELIZY-VILLACOUBLAY\" \/>\n<meta property=\"article:modified_time\" content=\"2020-11-25T17:50:02+00:00\" \/>\n<meta name=\"twitter:card\" content=\"summary_large_image\" \/>\n<meta name=\"twitter:label1\" content=\"Dur\u00e9e de lecture estim\u00e9e\" \/>\n\t<meta name=\"twitter:data1\" content=\"1 minute\" \/>\n<script type=\"application\/ld+json\" class=\"yoast-schema-graph\">{\"@context\":\"https:\\\/\\\/schema.org\",\"@graph\":[{\"@type\":\"WebPage\",\"@id\":\"https:\\\/\\\/www.photoclubvelizy.fr\\\/pcvv\\\/nos-moyens\\\/\",\"url\":\"https:\\\/\\\/www.photoclubvelizy.fr\\\/pcvv\\\/nos-moyens\\\/\",\"name\":\"Nos moyens - PHOTOCLUB DE VELIZY-VILLACOUBLAY\",\"isPartOf\":{\"@id\":\"http:\\\/\\\/www.photoclubvelizy.fr\\\/pcvv\\\/#website\"},\"datePublished\":\"2019-11-19T15:08:58+00:00\",\"dateModified\":\"2020-11-25T17:50:02+00:00\",\"breadcrumb\":{\"@id\":\"https:\\\/\\\/www.photoclubvelizy.fr\\\/pcvv\\\/nos-moyens\\\/#breadcrumb\"},\"inLanguage\":\"fr-FR\",\"potentialAction\":[{\"@type\":\"ReadAction\",\"target\":[\"https:\\\/\\\/www.photoclubvelizy.fr\\\/pcvv\\\/nos-moyens\\\/\"]}]},{\"@type\":\"BreadcrumbList\",\"@id\":\"https:\\\/\\\/www.photoclubvelizy.fr\\\/pcvv\\\/nos-moyens\\\/#breadcrumb\",\"itemListElement\":[{\"@type\":\"ListItem\",\"position\":1,\"name\":\"Accueil\",\"item\":\"http:\\\/\\\/www.photoclubvelizy.fr\\\/pcvv\\\/\"},{\"@type\":\"ListItem\",\"position\":2,\"name\":\"Nos moyens\"}]},{\"@type\":\"WebSite\",\"@id\":\"http:\\\/\\\/www.photoclubvelizy.fr\\\/pcvv\\\/#website\",\"url\":\"http:\\\/\\\/www.photoclubvelizy.fr\\\/pcvv\\\/\",\"name\":\"PHOTOCLUB DE VELIZY-VILLACOUBLAY\",\"description\":\"Notre passion, l&#039;image !\",\"potentialAction\":[{\"@type\":\"SearchAction\",\"target\":{\"@type\":\"EntryPoint\",\"urlTemplate\":\"http:\\\/\\\/www.photoclubvelizy.fr\\\/pcvv\\\/?s={search_term_string}\"},\"query-input\":{\"@type\":\"PropertyValueSpecification\",\"valueRequired\":true,\"valueName\":\"search_term_string\"}}],\"inLanguage\":\"fr-FR\"}]}<\/script>\n<!-- \/ Yoast SEO plugin. -->","yoast_head_json":{"title":"Nos moyens - PHOTOCLUB DE VELIZY-VILLACOUBLAY","robots":{"index":"index","follow":"follow","max-snippet":"max-snippet:-1","max-image-preview":"max-image-preview:large","max-video-preview":"max-video-preview:-1"},"canonical":"https:\/\/www.photoclubvelizy.fr\/pcvv\/nos-moyens\/","og_locale":"fr_FR","og_type":"article","og_title":"Nos moyens - PHOTOCLUB DE VELIZY-VILLACOUBLAY","og_description":"L\u2019acc\u00e8s au studio et au labo se font sur r\u00e9servation pr\u00e9alable (hors vacances scolaires et jours f\u00e9ri\u00e9s, voir planning) Mat\u00e9riel Labo: 1 Agrandisseur T\u00eate Couleur Philipps (24\u00d736) 1 Agrandisseur T\u00eate [&hellip;]","og_url":"https:\/\/www.photoclubvelizy.fr\/pcvv\/nos-moyens\/","og_site_name":"PHOTOCLUB DE VELIZY-VILLACOUBLAY","article_modified_time":"2020-11-25T17:50:02+00:00","twitter_card":"summary_large_image","twitter_misc":{"Dur\u00e9e de lecture estim\u00e9e":"1 minute"},"schema":{"@context":"https:\/\/schema.org","@graph":[{"@type":"WebPage","@id":"https:\/\/www.photoclubvelizy.fr\/pcvv\/nos-moyens\/","url":"https:\/\/www.photoclubvelizy.fr\/pcvv\/nos-moyens\/","name":"Nos moyens - PHOTOCLUB DE VELIZY-VILLACOUBLAY","isPartOf":{"@id":"http:\/\/www.photoclubvelizy.fr\/pcvv\/#website"},"datePublished":"2019-11-19T15:08:58+00:00","dateModified":"2020-11-25T17:50:02+00:00","breadcrumb":{"@id":"https:\/\/www.photoclubvelizy.fr\/pcvv\/nos-moyens\/#breadcrumb"},"inLanguage":"fr-FR","potentialAction":[{"@type":"ReadAction","target":["https:\/\/www.photoclubvelizy.fr\/pcvv\/nos-moyens\/"]}]},{"@type":"BreadcrumbList","@id":"https:\/\/www.photoclubvelizy.fr\/pcvv\/nos-moyens\/#breadcrumb","itemListElement":[{"@type":"ListItem","position":1,"name":"Accueil","item":"http:\/\/www.photoclubvelizy.fr\/pcvv\/"},{"@type":"ListItem","position":2,"name":"Nos moyens"}]},{"@type":"WebSite","@id":"http:\/\/www.photoclubvelizy.fr\/pcvv\/#website","url":"http:\/\/www.photoclubvelizy.fr\/pcvv\/","name":"PHOTOCLUB DE VELIZY-VILLACOUBLAY","description":"Notre passion, l&#039;image !","potentialAction":[{"@type":"SearchAction","target":{"@type":"EntryPoint","urlTemplate":"http:\/\/www.photoclubvelizy.fr\/pcvv\/?s={search_term_string}"},"query-input":{"@type":"PropertyValueSpecification","valueRequired":true,"valueName":"search_term_string"}}],"inLanguage":"fr-FR"}]}},"_links":{"self":[{"href":"https:\/\/www.photoclubvelizy.fr\/pcvv\/wp-json\/wp\/v2\/pages\/243","targetHints":{"allow":["GET"]}}],"collection":[{"href":"https:\/\/www.photoclubvelizy.fr\/pcvv\/wp-json\/wp\/v2\/pages"}],"about":[{"href":"https:\/\/www.photoclubvelizy.fr\/pcvv\/wp-json\/wp\/v2\/types\/page"}],"author":[{"embeddable":true,"href":"https:\/\/www.photoclubvelizy.fr\/pcvv\/wp-json\/wp\/v2\/users\/1"}],"replies":[{"embeddable":true,"href":"https:\/\/www.photoclubvelizy.fr\/pcvv\/wp-json\/wp\/v2\/comments?post=243"}],"version-history":[{"count":0,"href":"https:\/\/www.photoclubvelizy.fr\/pcvv\/wp-json\/wp\/v2\/pages\/243\/revisions"}],"wp:attachment":[{"href":"https:\/\/www.photoclubvelizy.fr\/pcvv\/wp-json\/wp\/v2\/media?parent=243"}],"curies":[{"name":"wp","href":"https:\/\/api.w.org\/{rel}","templated":true}]}}